{"id":3465,"date":"2022-08-01T08:59:51","date_gmt":"2022-08-01T12:59:51","guid":{"rendered":"https:\/\/growteccom.wpenginepowered.com\/bewaesserungssysteme\/"},"modified":"2024-04-16T10:23:58","modified_gmt":"2024-04-16T14:23:58","slug":"bewaesserungssysteme","status":"publish","type":"page","link":"https:\/\/www.growtec.com\/de\/bewaesserungssysteme\/","title":{"rendered":"Bew\u00e4sserungssysteme"},"content":{"rendered":"\t\t<div data-elementor-type=\"wp-page\" data-elementor-id=\"3465\" class=\"elementor elementor-3465 elementor-210\" data-elementor-post-type=\"page\">\n\t\t\t\t\t\t<section class=\"elementor-section elementor-top-section elementor-element elementor-element-7b7c347 elementor-section-full_width elementor-section-height-default elementor-section-height-default\" data-id=\"7b7c347\" data-element_type=\"section\" data-e-type=\"section\">\n\t\t\t\t\t\t<div class=\"elementor-container elementor-column-gap-no\">\n\t\t\t\t\t<div class=\"elementor-column elementor-col-50 elementor-top-column elementor-element elementor-element-bde633a\" data-id=\"bde633a\" data-element_type=\"column\" data-e-type=\"column\">\n\t\t\t<div class=\"elementor-widget-wrap elementor-element-populated\">\n\t\t\t\t\t\t<div class=\"elementor-element elementor-element-2a51b9d elementor-widget elementor-widget-image\" data-id=\"2a51b9d\" data-element_type=\"widget\" data-e-type=\"widget\" data-widget_type=\"image.default\">\n\t\t\t\t<div class=\"elementor-widget-container\">\n\t\t\t\t\t\t\t\t\t\t\t\t\t\t\t<img fetchpriority=\"high\" decoding=\"async\" width=\"942\" height=\"880\" src=\"https:\/\/www.growtec.com\/wp-content\/uploads\/2023\/04\/irrigation-img@2x.png\" class=\"attachment-large size-large wp-image-3027\" alt=\"\" srcset=\"https:\/\/www.growtec.com\/wp-content\/uploads\/2023\/04\/irrigation-img@2x.png 942w, https:\/\/www.growtec.com\/wp-content\/uploads\/2023\/04\/irrigation-img@2x-535x500.png 535w, https:\/\/www.growtec.com\/wp-content\/uploads\/2023\/04\/irrigation-img@2x-768x717.png 768w\" sizes=\"(max-width: 942px) 100vw, 942px\" \/>\t\t\t\t\t\t\t\t\t\t\t\t\t\t\t<\/div>\n\t\t\t\t<\/div>\n\t\t\t\t\t<\/div>\n\t\t<\/div>\n\t\t\t\t<div class=\"elementor-column elementor-col-50 elementor-top-column elementor-element elementor-element-69f9a9f\" data-id=\"69f9a9f\" data-element_type=\"column\" data-e-type=\"column\">\n\t\t\t<div class=\"elementor-widget-wrap elementor-element-populated\">\n\t\t\t\t\t\t<div class=\"elementor-element elementor-element-da730b3 elementor-widget elementor-widget-heading\" data-id=\"da730b3\" data-element_type=\"widget\" data-e-type=\"widget\" data-widget_type=\"heading.default\">\n\t\t\t\t<div class=\"elementor-widget-container\">\n\t\t\t\t\t<h2 class=\"elementor-heading-title elementor-size-default\">Professionelle Bew\u00e4sserung f\u00fcr Effizienz und Einsparungen.<\/h2>\t\t\t\t<\/div>\n\t\t\t\t<\/div>\n\t\t\t\t<div class=\"elementor-element elementor-element-4561c7e elementor-widget elementor-widget-text-editor\" data-id=\"4561c7e\" data-element_type=\"widget\" data-e-type=\"widget\" data-widget_type=\"text-editor.default\">\n\t\t\t\t<div class=\"elementor-widget-container\">\n\t\t\t\t\t\t\t\t\t<p>Mit unseren Systemen haben Sie die beste Kontrolle \u00fcber die Bew\u00e4sserung Ihrer Pflanzen, optimieren den Wasserbedarf f\u00fcr Ihre Pflanzen und sparen Geld.<\/p><p>Unsere Tropfbew\u00e4sserungssysteme verf\u00fcgen \u00fcber einen Druckausgleich, eine Druckregelung, mehrere Abg\u00e4nge und Tropfsschutz und sind selbstschlie\u00dfend. So k\u00f6nnen Sie die Bew\u00e4sserung genau auf Ihre Pflanzen abstimmen. Hier arbeiten wir mit dem Rivulis Supertif PC\/PCND Online-Dripper, der aufgrund seiner Zuverl\u00e4ssigkeit, der verschiedenen Einstellungsm\u00f6glichkeiten und der langen Lebensdauer der weltweit am h\u00e4ufigsten verwendete Online-Dripper ist. So verf\u00fcgt dieser Tropfer \u00fcber einen guten Schutz gegen Verstopfung, ist widerstandsf\u00e4hig gegen raue Witterungseinfl\u00fcsse und eignet sich daher hervorragend f\u00fcr intensive Hydrokultur-, Gew\u00e4chshaus- und andere Gartenbauanwendungen.<\/p>\t\t\t\t\t\t\t\t<\/div>\n\t\t\t\t<\/div>\n\t\t\t\t\t<\/div>\n\t\t<\/div>\n\t\t\t\t\t<\/div>\n\t\t<\/section>\n\t\t\t\t<section class=\"elementor-section elementor-top-section elementor-element elementor-element-f82c09c elementor-section-full_width elementor-section-stretched elementor-section-height-default elementor-section-height-default\" data-id=\"f82c09c\" data-element_type=\"section\" data-e-type=\"section\" data-settings=\"{&quot;background_background&quot;:&quot;classic&quot;,&quot;stretch_section&quot;:&quot;section-stretched&quot;}\">\n\t\t\t\t\t\t<div class=\"elementor-container elementor-column-gap-no\">\n\t\t\t\t\t<div class=\"elementor-column elementor-col-100 elementor-top-column elementor-element elementor-element-89bb4a0\" data-id=\"89bb4a0\" data-element_type=\"column\" data-e-type=\"column\" data-settings=\"{&quot;background_background&quot;:&quot;classic&quot;}\">\n\t\t\t<div class=\"elementor-widget-wrap elementor-element-populated\">\n\t\t\t\t\t\t<div class=\"elementor-element elementor-element-283da00 elementor-widget elementor-widget-growtec_2panel_slider\" data-id=\"283da00\" data-element_type=\"widget\" data-e-type=\"widget\" data-widget_type=\"growtec_2panel_slider.default\">\n\t\t\t\t<div class=\"elementor-widget-container\">\n\t\t\t\t\t        <div class=\"growtec-2panel-slider-container\">\n            <div class=\"growtec-2panel-slider-content-container\">\n                <div class=\"growtec-2panel-slider-content\">\n                    <ul class=\"growtec-2panel-slider-text\">\n                        \n                        \n                            <li>\n                                <div class=\"growtec-2panel-slider-text-item\">\n                                    <h2>Bew\u00e4sserungsschlauch<\/h2>\n                                    <p>Keine R\u00fcckschl\u00e4ge bei der Bew\u00e4sserung mehr. Halten Sie Ihre hydroponischen und anderen Systeme sauber und glatt mit diesem zwei Komponenten Schlauch, der au\u00dfen und innen aus wei\u00dfem Polyethylen und dazwischen aus schwarzem Polyethylen besteht - und aus den hochwertigsten Harzen der Branche hergestellt wird.<\/p><p>Diese Schichtung h\u00e4lt das Wasser auf einer angemessenen Temperatur, indem sie das Sonnenlicht vom Schlauch weg reflektiert, w\u00e4hrend die schwarze Innenschicht das Algenwachstum und andere Wucherungen verhindert, die zu zeitraubenden Verstopfungen f\u00fchren k\u00f6nnen.<\/p>                                <\/div>\n                            <\/li>\n\n                            \n                            <li>\n                                <div class=\"growtec-2panel-slider-text-item\">\n                                    <h2>Bew\u00e4sserungsarmaturen & Zubeh\u00f6r<\/h2>\n                                    <p>Nutzen Sie unsere Vielfalt an verschiedenen Bew\u00e4sserungsarmaturen, um die richtige Anordnung, Gr\u00f6\u00dfe und Ausstattung f\u00fcr Ihre spezielle Anwendung zusammenzustellen, sei es f\u00fcr einen kleinen oder gro\u00dfen Bauernhof, ein Hydrophonsystem, ein Gew\u00e4chshaus oder ein anderes Anbausystem. Unser Programm umfasst: B\u00f6gen, Kupplungen, Ventil\/Ventil-Verbindungen, Schlauchkupplungen, Verbindungsst\u00fccke verschiedener Schlauchgr\u00f6\u00dfen und vieles mehr. Sie w\u00fcnschen es, wir entwickeln es und gestalten es schnell und effizient.<\/p><p>\u00a0Wir k\u00f6nnen auch das \u00fcbrige erforderliche Zubeh\u00f6r liefern, sei es f\u00fcr den Bau, die Wartung oder die Modifizierung ganz neuer oder bereits bestehender Bew\u00e4sserungssysteme f\u00fcr kleine und gro\u00dfe Projekte. Dazu geh\u00f6rt auch die Anpassung und Vorbereitung von kompletten Bew\u00e4sserungssets. Mit dem Bew\u00e4sserungszubeh\u00f6r und den Werkzeugs\u00e4tzen, die wir anbieten, bringen wir Ihr System zum Laufen und bew\u00e4ssern es f\u00fcr Sie, unabh\u00e4ngig von der Gr\u00f6\u00dfe Ihres Betriebs.<br \/><br \/><\/p>                                <\/div>\n                            <\/li>\n\n                            \n                            <li>\n                                <div class=\"growtec-2panel-slider-text-item\">\n                                    <h2>Tropfer & Tropferbew\u00e4sserungen<\/h2>\n                                    <p>Versorgen Sie anspruchsvolle Pflanzen mit einer kr\u00e4ftigen und pr\u00e4zisen Bew\u00e4sserung mit unserer Tropfbew\u00e4sserung. Platzieren Sie einen Tropfer mit Mikror\u00f6hrchen an strategischen Stellen f\u00fcr eine gezieltere Bew\u00e4sserung. Steuern Sie verschiedene Aspekte der Bew\u00e4sserung wie Druck, Durchfluss, Tropfmenge und mehr. Passen Sie die Bew\u00e4sserung an die Art und Weise an, wie Sie wachsen!<\/p>                                <\/div>\n                            <\/li>\n\n                                                <\/ul>\n                    <div class=\"growtec-2panel-slider-controls\"><\/div>\n                <\/div>\n            <\/div>\n            <div class=\"growtec-2panel-slider-images-container\">\n                <div class=\"growtec-2panel-slider-images\">\n                    \n                    \n                        <img decoding=\"async\" class=\"growtec-2panel-slider-image\" src=\"https:\/\/www.growtec.com\/wp-content\/uploads\/2023\/04\/hose@2x-3.png\" data-image-id=\"0\" alt=\"\">\n\n                        \n                        <img decoding=\"async\" class=\"growtec-2panel-slider-image\" src=\"https:\/\/www.growtec.com\/wp-content\/uploads\/2022\/08\/irrigation-fittings.png\" data-image-id=\"1\" alt=\"\">\n\n                        \n                        <img decoding=\"async\" class=\"growtec-2panel-slider-image\" src=\"https:\/\/www.growtec.com\/wp-content\/uploads\/2023\/05\/hose@2x-1.png\" data-image-id=\"2\" alt=\"\">\n\n                                            \n                <\/div>\n            <\/div>\n        <\/div>\n        \t\t\t\t<\/div>\n\t\t\t\t<\/div>\n\t\t\t\t\t<\/div>\n\t\t<\/div>\n\t\t\t\t\t<\/div>\n\t\t<\/section>\n\t\t\t\t<section class=\"elementor-section elementor-top-section elementor-element elementor-element-4d0315b elementor-section-full_width elementor-section-height-default elementor-section-height-default\" data-id=\"4d0315b\" data-element_type=\"section\" data-e-type=\"section\">\n\t\t\t\t\t\t<div class=\"elementor-container elementor-column-gap-no\">\n\t\t\t\t\t<div class=\"elementor-column elementor-col-50 elementor-top-column elementor-element elementor-element-29f31ec\" data-id=\"29f31ec\" data-element_type=\"column\" data-e-type=\"column\">\n\t\t\t<div class=\"elementor-widget-wrap elementor-element-populated\">\n\t\t\t\t\t\t<div class=\"elementor-element elementor-element-4a50245 elementor-widget elementor-widget-image\" data-id=\"4a50245\" data-element_type=\"widget\" data-e-type=\"widget\" data-widget_type=\"image.default\">\n\t\t\t\t<div class=\"elementor-widget-container\">\n\t\t\t\t\t\t\t\t\t\t\t\t\t\t\t<img decoding=\"async\" width=\"471\" height=\"440\" src=\"https:\/\/www.growtec.com\/wp-content\/uploads\/2023\/05\/irrigation-img.jpg\" class=\"attachment-large size-large wp-image-3099\" alt=\"\" \/>\t\t\t\t\t\t\t\t\t\t\t\t\t\t\t<\/div>\n\t\t\t\t<\/div>\n\t\t\t\t\t<\/div>\n\t\t<\/div>\n\t\t\t\t<div class=\"elementor-column elementor-col-50 elementor-top-column elementor-element elementor-element-4ad16e5\" data-id=\"4ad16e5\" data-element_type=\"column\" data-e-type=\"column\">\n\t\t\t<div class=\"elementor-widget-wrap elementor-element-populated\">\n\t\t\t\t\t\t<div class=\"elementor-element elementor-element-54b448a elementor-widget elementor-widget-heading\" data-id=\"54b448a\" data-element_type=\"widget\" data-e-type=\"widget\" data-widget_type=\"heading.default\">\n\t\t\t\t<div class=\"elementor-widget-container\">\n\t\t\t\t\t<h2 class=\"elementor-heading-title elementor-size-default\">Hausinterne Bew\u00e4sserungsmontage<\/h2>\t\t\t\t<\/div>\n\t\t\t\t<\/div>\n\t\t\t\t<div class=\"elementor-element elementor-element-2172707 elementor-widget elementor-widget-text-editor\" data-id=\"2172707\" data-element_type=\"widget\" data-e-type=\"widget\" data-widget_type=\"text-editor.default\">\n\t\t\t\t<div class=\"elementor-widget-container\">\n\t\t\t\t\t\t\t\t\t<p>Ma\u00dfgeschneidertes Bew\u00e4sserungsmaterial f\u00fcr die wachsenden Anforderungen aller Arten von Gew\u00e4chshausbetrieben. Unsere halbautomatische Bew\u00e4sserungsanlagenmaschine erm\u00f6glicht es Gew\u00e4chshausproduzenten, ben\u00f6tigte Bew\u00e4sserungsprodukte &#8211; wie z. B. Tropfschl\u00e4uche mit Lochstanzern &#8211; schnell zu erstellen und nachzur\u00fcsten, und zwar f\u00fcr jeden Kundenbedarf, jede Reihenbeinl\u00e4nge oder Gew\u00e4chshausl\u00e4nge. Wir verwenden ausschlie\u00dflich hochwertige, co-extrudierte Polyethylen Schl\u00e4uche, und unsere Bew\u00e4sserungsanlagemaschine hat allein im vergangenen Jahr \u00fcber eine halbe Million Meter Bew\u00e4sserung f\u00fcr unsere Kunden erzeugt. Die Bereitstellung von Bew\u00e4sserungszubeh\u00f6r ist Teil unserer Mission, die Kosten f\u00fcr unsere Kunden zu senken und gleichzeitig ihre Wettbewerbsf\u00e4higkeit auf dem globalen Markt zu steigern.<\/p>\t\t\t\t\t\t\t\t<\/div>\n\t\t\t\t<\/div>\n\t\t\t\t\t<\/div>\n\t\t<\/div>\n\t\t\t\t\t<\/div>\n\t\t<\/section>\n\t\t\t\t<section class=\"elementor-section elementor-top-section elementor-element elementor-element-a686598 elementor-section-full_width elementor-section-stretched elementor-hidden-desktop elementor-hidden-tablet elementor-hidden-mobile elementor-section-height-default elementor-section-height-default\" data-id=\"a686598\" data-element_type=\"section\" data-e-type=\"section\" data-settings=\"{&quot;stretch_section&quot;:&quot;section-stretched&quot;}\">\n\t\t\t\t\t\t<div class=\"elementor-container elementor-column-gap-no\">\n\t\t\t\t\t<div class=\"elementor-column elementor-col-100 elementor-top-column elementor-element elementor-element-a345dc3\" data-id=\"a345dc3\" data-element_type=\"column\" data-e-type=\"column\">\n\t\t\t<div class=\"elementor-widget-wrap elementor-element-populated\">\n\t\t\t\t\t\t<section class=\"elementor-section elementor-inner-section elementor-element elementor-element-d603ada elementor-section-boxed elementor-section-height-default elementor-section-height-default\" data-id=\"d603ada\" data-element_type=\"section\" data-e-type=\"section\">\n\t\t\t\t\t\t<div class=\"elementor-container elementor-column-gap-no\">\n\t\t\t\t\t<div class=\"elementor-column elementor-col-100 elementor-inner-column elementor-element elementor-element-6812fe3\" data-id=\"6812fe3\" data-element_type=\"column\" data-e-type=\"column\">\n\t\t\t<div class=\"elementor-widget-wrap elementor-element-populated\">\n\t\t\t\t\t\t<div class=\"elementor-element elementor-element-186a6f4 elementor-widget elementor-widget-heading\" data-id=\"186a6f4\" data-element_type=\"widget\" data-e-type=\"widget\" data-widget_type=\"heading.default\">\n\t\t\t\t<div class=\"elementor-widget-container\">\n\t\t\t\t\t<h2 class=\"elementor-heading-title elementor-size-default\">Related Products<\/h2>\t\t\t\t<\/div>\n\t\t\t\t<\/div>\n\t\t\t\t<div class=\"elementor-element elementor-element-e31793d elementor-widget elementor-widget-growtec_products_grid\" data-id=\"e31793d\" data-element_type=\"widget\" data-e-type=\"widget\" data-widget_type=\"growtec_products_grid.default\">\n\t\t\t\t<div class=\"elementor-widget-container\">\n\t\t\t\t\t<div class=\"growtec-products-grid\"><a class=\"growtec-products-grid-item\" href=\"https:\/\/www.growtec.com\/de\/products\/fourth-product-name\/\"><div class=\"growtec-products-grid-item-image\"><img decoding=\"async\" width=\"600\" height=\"600\" src=\"https:\/\/www.growtec.com\/wp-content\/uploads\/2022\/08\/card-irrigation-systems-1-600x600.jpg\" class=\"attachment-thumbnail size-thumbnail\" alt=\"\" \/><\/div><div class=\"growtec-products-grid-item-title\">Fourth Product Name<\/div><div class=\"growtec-products-grid-item-learnmore\">Mehr wissen ><\/div><\/a><a class=\"growtec-products-grid-item\" href=\"https:\/\/www.growtec.com\/de\/products\/third-product\/\"><div class=\"growtec-products-grid-item-image\"><img loading=\"lazy\" decoding=\"async\" width=\"600\" height=\"600\" src=\"https:\/\/www.growtec.com\/wp-content\/uploads\/2022\/08\/growing-system-header-600x600.jpeg\" class=\"attachment-thumbnail size-thumbnail\" alt=\"\" \/><\/div><div class=\"growtec-products-grid-item-title\">Third Product<\/div><div class=\"growtec-products-grid-item-learnmore\">Mehr wissen ><\/div><\/a><a class=\"growtec-products-grid-item\" href=\"https:\/\/www.growtec.com\/de\/products\/another-product\/\"><div class=\"growtec-products-grid-item-image\"><img loading=\"lazy\" decoding=\"async\" width=\"600\" height=\"600\" src=\"https:\/\/www.growtec.com\/wp-content\/uploads\/2022\/08\/card-growing-systems-600x600.jpg\" class=\"attachment-thumbnail size-thumbnail\" alt=\"\" \/><\/div><div class=\"growtec-products-grid-item-title\">Another Product<\/div><div class=\"growtec-products-grid-item-learnmore\">Mehr wissen ><\/div><\/a><a class=\"growtec-products-grid-item\" href=\"https:\/\/www.growtec.com\/de\/products\/product-name-here\/\"><div class=\"growtec-products-grid-item-image\"><img loading=\"lazy\" decoding=\"async\" width=\"600\" height=\"600\" src=\"https:\/\/www.growtec.com\/wp-content\/uploads\/2022\/08\/card-irrigation-systems-600x600.jpg\" class=\"attachment-thumbnail size-thumbnail\" alt=\"\" \/><\/div><div class=\"growtec-products-grid-item-title\">Product Name Here<\/div><div class=\"growtec-products-grid-item-learnmore\">Mehr wissen ><\/div><\/a><\/div>\t\t\t\t<\/div>\n\t\t\t\t<\/div>\n\t\t\t\t\t<\/div>\n\t\t<\/div>\n\t\t\t\t\t<\/div>\n\t\t<\/section>\n\t\t\t\t\t<\/div>\n\t\t<\/div>\n\t\t\t\t\t<\/div>\n\t\t<\/section>\n\t\t\t\t<section class=\"elementor-section elementor-top-section elementor-element elementor-element-3b566ad elementor-reverse-mobile elementor-section-stretched elementor-section-boxed elementor-section-height-default elementor-section-height-default\" data-id=\"3b566ad\" data-element_type=\"section\" data-e-type=\"section\" data-settings=\"{&quot;stretch_section&quot;:&quot;section-stretched&quot;,&quot;background_background&quot;:&quot;classic&quot;}\">\n\t\t\t\t\t\t<div class=\"elementor-container elementor-column-gap-no\">\n\t\t\t\t\t<div class=\"elementor-column elementor-col-50 elementor-top-column elementor-element elementor-element-8212b25\" data-id=\"8212b25\" data-element_type=\"column\" data-e-type=\"column\">\n\t\t\t<div class=\"elementor-widget-wrap elementor-element-populated\">\n\t\t\t\t\t\t<div class=\"elementor-element elementor-element-3ca1a30 animated-fast elementor-widget elementor-widget-heading\" data-id=\"3ca1a30\" data-element_type=\"widget\" data-e-type=\"widget\" data-settings=\"{&quot;_animation&quot;:&quot;none&quot;,&quot;_animation_mobile&quot;:&quot;none&quot;,&quot;_animation_delay&quot;:300}\" data-widget_type=\"heading.default\">\n\t\t\t\t<div class=\"elementor-widget-container\">\n\t\t\t\t\t<h2 class=\"elementor-heading-title elementor-size-default\">Sind Sie bereit, Ihr Potenzial auszubauen?<\/h2>\t\t\t\t<\/div>\n\t\t\t\t<\/div>\n\t\t\t\t<div class=\"elementor-element elementor-element-ccbefee animated-fast elementor-widget elementor-widget-text-editor\" data-id=\"ccbefee\" data-element_type=\"widget\" data-e-type=\"widget\" data-settings=\"{&quot;_animation&quot;:&quot;none&quot;,&quot;_animation_mobile&quot;:&quot;none&quot;,&quot;_animation_delay&quot;:300}\" data-widget_type=\"text-editor.default\">\n\t\t\t\t<div class=\"elementor-widget-container\">\n\t\t\t\t\t\t\t\t\t<p>Wir sind f\u00fcr Sie da. Wenden Sie sich an uns, wenn Sie ein Angebot oder weitere Informationen zu unseren Dienstleistungen, Technologien und Ger\u00e4ten w\u00fcnschen. Wir arbeiten gerne daran, Ihr Wachstum zu unterst\u00fctzen.<\/p>\n\t\t\t\t\t\t\t\t<\/div>\n\t\t\t\t<\/div>\n\t\t\t\t<div class=\"elementor-element elementor-element-6976993 elementor-widget elementor-widget-button\" data-id=\"6976993\" data-element_type=\"widget\" data-e-type=\"widget\" data-widget_type=\"button.default\">\n\t\t\t\t<div class=\"elementor-widget-container\">\n\t\t\t\t\t\t\t\t\t<div class=\"elementor-button-wrapper\">\n\t\t\t\t\t<a class=\"elementor-button elementor-button-link elementor-size-lg elementor-animation-grow\" href=\"https:\/\/www.growtec.com\/de\/kontakt\/\">\n\t\t\t\t\t\t<span class=\"elementor-button-content-wrapper\">\n\t\t\t\t\t\t\t\t\t<span class=\"elementor-button-text\">Angebot anfordern<\/span>\n\t\t\t\t\t<\/span>\n\t\t\t\t\t<\/a>\n\t\t\t\t<\/div>\n\t\t\t\t\t\t\t\t<\/div>\n\t\t\t\t<\/div>\n\t\t\t\t\t<\/div>\n\t\t<\/div>\n\t\t\t\t<div class=\"elementor-column elementor-col-50 elementor-top-column elementor-element elementor-element-b6a4202\" data-id=\"b6a4202\" data-element_type=\"column\" data-e-type=\"column\">\n\t\t\t<div class=\"elementor-widget-wrap elementor-element-populated\">\n\t\t\t\t\t\t<div class=\"elementor-element elementor-element-5b098f0 animated-fast elementor-widget elementor-widget-image\" data-id=\"5b098f0\" data-element_type=\"widget\" data-e-type=\"widget\" data-settings=\"{&quot;_animation&quot;:&quot;none&quot;,&quot;_animation_mobile&quot;:&quot;none&quot;,&quot;_animation_delay&quot;:300}\" data-widget_type=\"image.default\">\n\t\t\t\t<div class=\"elementor-widget-container\">\n\t\t\t\t\t\t\t\t\t\t\t\t\t\t\t<img loading=\"lazy\" decoding=\"async\" width=\"1406\" height=\"856\" src=\"https:\/\/www.growtec.com\/wp-content\/uploads\/2023\/04\/CTA-img@2x.png\" class=\"attachment-large size-large wp-image-3033\" alt=\"\" srcset=\"https:\/\/www.growtec.com\/wp-content\/uploads\/2023\/04\/CTA-img@2x.png 1406w, https:\/\/www.growtec.com\/wp-content\/uploads\/2023\/04\/CTA-img@2x-750x457.png 750w, https:\/\/www.growtec.com\/wp-content\/uploads\/2023\/04\/CTA-img@2x-768x468.png 768w\" sizes=\"(max-width: 1406px) 100vw, 1406px\" \/>\t\t\t\t\t\t\t\t\t\t\t\t\t\t\t<\/div>\n\t\t\t\t<\/div>\n\t\t\t\t\t<\/div>\n\t\t<\/div>\n\t\t\t\t\t<\/div>\n\t\t<\/section>\n\t\t\t\t<\/div>\n\t\t","protected":false},"excerpt":{"rendered":"<p>Professionelle Bew\u00c3\u00a4sserung f\u00c3\u00bcr Effizienz und Einsparungen. Mit unseren Systemen haben Sie die beste Kontrolle \u00c3\u00bcber die Bew\u00c3\u00a4sserung Ihrer Pflanzen, optimieren den Wasserbedarf f\u00c3\u00bcr Ihre Pflanzen und sparen Geld. Unsere Tropfbew\u00c3\u00a4sserungssysteme verf\u00c3\u00bcgen \u00c3\u00bcber einen Druckausgleich, eine Druckregelung, mehrere Abg\u00c3\u00a4nge und Tropfsschutz und sind selbstschlie\u00c3\u0178end. So k\u00c3\u00b6nnen Sie die Bew\u00c3\u00a4sserung genau auf Ihre Pflanzen abstimmen. Hier arbeiten [&hellip;]<\/p>\n","protected":false},"author":3,"featured_media":3466,"parent":0,"menu_order":0,"comment_status":"closed","ping_status":"closed","template":"","meta":{"_acf_changed":false,"footnotes":""},"class_list":["post-3465","page","type-page","status-publish","hentry"],"acf":[],"_links":{"self":[{"href":"https:\/\/www.growtec.com\/de\/wp-json\/wp\/v2\/pages\/3465","targetHints":{"allow":["GET"]}}],"collection":[{"href":"https:\/\/www.growtec.com\/de\/wp-json\/wp\/v2\/pages"}],"about":[{"href":"https:\/\/www.growtec.com\/de\/wp-json\/wp\/v2\/types\/page"}],"author":[{"embeddable":true,"href":"https:\/\/www.growtec.com\/de\/wp-json\/wp\/v2\/users\/3"}],"replies":[{"embeddable":true,"href":"https:\/\/www.growtec.com\/de\/wp-json\/wp\/v2\/comments?post=3465"}],"version-history":[{"count":0,"href":"https:\/\/www.growtec.com\/de\/wp-json\/wp\/v2\/pages\/3465\/revisions"}],"wp:featuredmedia":[{"embeddable":true,"href":"https:\/\/www.growtec.com\/de\/wp-json\/wp\/v2\/media\/3466"}],"wp:attachment":[{"href":"https:\/\/www.growtec.com\/de\/wp-json\/wp\/v2\/media?parent=3465"}],"curies":[{"name":"wp","href":"https:\/\/api.w.org\/{rel}","templated":true}]}}