{"id":3460,"date":"2022-08-01T11:39:16","date_gmt":"2022-08-01T15:39:16","guid":{"rendered":"https:\/\/growteccom.wpenginepowered.com\/anbausysteme\/schnittblumenanbausysteme\/"},"modified":"2023-11-09T10:28:22","modified_gmt":"2023-11-09T15:28:22","slug":"schnittblumenanbausysteme","status":"publish","type":"page","link":"https:\/\/www.growtec.com\/de\/anbausysteme\/schnittblumenanbausysteme\/","title":{"rendered":"Schnittblumenanbausysteme"},"content":{"rendered":"\t\t<div data-elementor-type=\"wp-page\" data-elementor-id=\"3460\" class=\"elementor elementor-3460 elementor-382\" data-elementor-post-type=\"page\">\n\t\t\t\t\t\t<section class=\"elementor-section elementor-top-section elementor-element elementor-element-7cf5484 elementor-section-stretched elementor-section-boxed elementor-section-height-default elementor-section-height-default\" data-id=\"7cf5484\" data-element_type=\"section\" data-e-type=\"section\" data-settings=\"{&quot;stretch_section&quot;:&quot;section-stretched&quot;,&quot;background_background&quot;:&quot;classic&quot;}\">\n\t\t\t\t\t\t<div class=\"elementor-container elementor-column-gap-no\">\n\t\t\t\t\t<div class=\"elementor-column elementor-col-50 elementor-top-column elementor-element elementor-element-0915de1\" data-id=\"0915de1\" data-element_type=\"column\" data-e-type=\"column\">\n\t\t\t<div class=\"elementor-widget-wrap elementor-element-populated\">\n\t\t\t\t\t\t<div class=\"elementor-element elementor-element-69fee43 elementor-widget elementor-widget-image\" data-id=\"69fee43\" data-element_type=\"widget\" data-e-type=\"widget\" data-widget_type=\"image.default\">\n\t\t\t\t<div class=\"elementor-widget-container\">\n\t\t\t\t\t\t\t\t\t\t\t\t\t\t\t<img fetchpriority=\"high\" decoding=\"async\" width=\"426\" height=\"440\" src=\"https:\/\/www.growtec.com\/wp-content\/uploads\/2022\/08\/flower-growing-systems-service-overview.png\" class=\"attachment-large size-large wp-image-1089\" alt=\"\" \/>\t\t\t\t\t\t\t\t\t\t\t\t\t\t\t<\/div>\n\t\t\t\t<\/div>\n\t\t\t\t\t<\/div>\n\t\t<\/div>\n\t\t\t\t<div class=\"elementor-column elementor-col-50 elementor-top-column elementor-element elementor-element-a6f58d8\" data-id=\"a6f58d8\" data-element_type=\"column\" data-e-type=\"column\">\n\t\t\t<div class=\"elementor-widget-wrap elementor-element-populated\">\n\t\t\t\t\t\t<div class=\"elementor-element elementor-element-b1d336f elementor-widget elementor-widget-heading\" data-id=\"b1d336f\" data-element_type=\"widget\" data-e-type=\"widget\" data-widget_type=\"heading.default\">\n\t\t\t\t<div class=\"elementor-widget-container\">\n\t\t\t\t\t<h2 class=\"elementor-heading-title elementor-size-default\">Beobachten Sie, wie Ihre Qualit\u00e4t, Ihr Ertrag und Ihr Gesch\u00e4ft wachsen und gedeihen.<\/h2>\t\t\t\t<\/div>\n\t\t\t\t<\/div>\n\t\t\t\t<div class=\"elementor-element elementor-element-59b19a9 elementor-widget elementor-widget-text-editor\" data-id=\"59b19a9\" data-element_type=\"widget\" data-e-type=\"widget\" data-widget_type=\"text-editor.default\">\n\t\t\t\t<div class=\"elementor-widget-container\">\n\t\t\t\t\t\t\t\t\t<p>Wir lassen die Blumenz\u00fcchter und ihre speziellen Bed\u00fcrfnisse nicht au\u00dfer Acht. Von der Wurzel bis zur Bl\u00fcte ist es unser Ziel, Systeme zu entwickeln und zu implementieren, die f\u00fcr Sie arbeiten und alle Aspekte der Anbaubedingungen und des N\u00e4hrstoffbedarfs Ihrer Blumenkultur ber\u00fccksichtigen, so dass Sie sich auf das konzentrieren k\u00f6nnen, was Sie am besten k\u00f6nnen: die Produktion der sch\u00f6nsten Blumen und reicher Ertr\u00e4ge.<\/p><p>\u00a0Um dies zu erm\u00f6glichen, bieten wir die F\u00e4higkeiten, das Know-how, die Technologie und die hochwertigsten Anbausystemkomponenten in der Blumenzucht an, unabh\u00e4ngig davon, ob Sie eine kleine hydroponische Anlage oder eine gro\u00dfe Gew\u00e4chshausanlage haben. Wir verwenden die besten Materialien der Branche: verzinkte Drahtst\u00fctzen und Drahtbew\u00e4sserungsst\u00fctzen, Endabl\u00e4ufe aus rostfreiem Stahl, Umkehrb\u00fcgel an Giebeln und Stegen, Aufh\u00e4ngung nach Ma\u00df, flexible Rinnenbreiten (130 bis 360 mm in 10-mm-Schritten) und Endkappen mit Ihrem Firmenlogo als Abschluss.<\/p>\t\t\t\t\t\t\t\t<\/div>\n\t\t\t\t<\/div>\n\t\t\t\t\t<\/div>\n\t\t<\/div>\n\t\t\t\t\t<\/div>\n\t\t<\/section>\n\t\t\t\t<section class=\"elementor-section elementor-top-section elementor-element elementor-element-b8ba010 elementor-section-full_width elementor-section-stretched elementor-hidden-desktop elementor-hidden-tablet elementor-hidden-mobile elementor-section-height-default elementor-section-height-default\" data-id=\"b8ba010\" data-element_type=\"section\" data-e-type=\"section\" data-settings=\"{&quot;stretch_section&quot;:&quot;section-stretched&quot;}\">\n\t\t\t\t\t\t<div class=\"elementor-container elementor-column-gap-no\">\n\t\t\t\t\t<div class=\"elementor-column elementor-col-100 elementor-top-column elementor-element elementor-element-a3912d9\" data-id=\"a3912d9\" data-element_type=\"column\" data-e-type=\"column\">\n\t\t\t<div class=\"elementor-widget-wrap elementor-element-populated\">\n\t\t\t\t\t\t<section class=\"elementor-section elementor-inner-section elementor-element elementor-element-c56397b elementor-section-boxed elementor-section-height-default elementor-section-height-default\" data-id=\"c56397b\" data-element_type=\"section\" data-e-type=\"section\">\n\t\t\t\t\t\t<div class=\"elementor-container elementor-column-gap-no\">\n\t\t\t\t\t<div class=\"elementor-column elementor-col-100 elementor-inner-column elementor-element elementor-element-d08e7b6\" data-id=\"d08e7b6\" data-element_type=\"column\" data-e-type=\"column\">\n\t\t\t<div class=\"elementor-widget-wrap elementor-element-populated\">\n\t\t\t\t\t\t<div class=\"elementor-element elementor-element-b41ae94 elementor-widget elementor-widget-heading\" data-id=\"b41ae94\" data-element_type=\"widget\" data-e-type=\"widget\" data-widget_type=\"heading.default\">\n\t\t\t\t<div class=\"elementor-widget-container\">\n\t\t\t\t\t<h2 class=\"elementor-heading-title elementor-size-default\">Related Products<\/h2>\t\t\t\t<\/div>\n\t\t\t\t<\/div>\n\t\t\t\t<div class=\"elementor-element elementor-element-f63d75d elementor-widget elementor-widget-growtec_products_grid\" data-id=\"f63d75d\" data-element_type=\"widget\" data-e-type=\"widget\" data-widget_type=\"growtec_products_grid.default\">\n\t\t\t\t<div class=\"elementor-widget-container\">\n\t\t\t\t\t<div class=\"growtec-products-grid\"><a class=\"growtec-products-grid-item\" href=\"https:\/\/www.growtec.com\/de\/products\/fourth-product-name\/\"><div class=\"growtec-products-grid-item-image\"><img decoding=\"async\" width=\"600\" height=\"600\" src=\"https:\/\/www.growtec.com\/wp-content\/uploads\/2022\/08\/card-irrigation-systems-1-600x600.jpg\" class=\"attachment-thumbnail size-thumbnail\" alt=\"\" \/><\/div><div class=\"growtec-products-grid-item-title\">Fourth Product Name<\/div><div class=\"growtec-products-grid-item-learnmore\">Mehr wissen ><\/div><\/a><a class=\"growtec-products-grid-item\" href=\"https:\/\/www.growtec.com\/de\/products\/third-product\/\"><div class=\"growtec-products-grid-item-image\"><img decoding=\"async\" width=\"600\" height=\"600\" src=\"https:\/\/www.growtec.com\/wp-content\/uploads\/2022\/08\/growing-system-header-600x600.jpeg\" class=\"attachment-thumbnail size-thumbnail\" alt=\"\" \/><\/div><div class=\"growtec-products-grid-item-title\">Third Product<\/div><div class=\"growtec-products-grid-item-learnmore\">Mehr wissen ><\/div><\/a><a class=\"growtec-products-grid-item\" href=\"https:\/\/www.growtec.com\/de\/products\/another-product\/\"><div class=\"growtec-products-grid-item-image\"><img loading=\"lazy\" decoding=\"async\" width=\"600\" height=\"600\" src=\"https:\/\/www.growtec.com\/wp-content\/uploads\/2022\/08\/card-growing-systems-600x600.jpg\" class=\"attachment-thumbnail size-thumbnail\" alt=\"\" \/><\/div><div class=\"growtec-products-grid-item-title\">Another Product<\/div><div class=\"growtec-products-grid-item-learnmore\">Mehr wissen ><\/div><\/a><a class=\"growtec-products-grid-item\" href=\"https:\/\/www.growtec.com\/de\/products\/product-name-here\/\"><div class=\"growtec-products-grid-item-image\"><img loading=\"lazy\" decoding=\"async\" width=\"600\" height=\"600\" src=\"https:\/\/www.growtec.com\/wp-content\/uploads\/2022\/08\/card-irrigation-systems-600x600.jpg\" class=\"attachment-thumbnail size-thumbnail\" alt=\"\" \/><\/div><div class=\"growtec-products-grid-item-title\">Product Name Here<\/div><div class=\"growtec-products-grid-item-learnmore\">Mehr wissen ><\/div><\/a><\/div>\t\t\t\t<\/div>\n\t\t\t\t<\/div>\n\t\t\t\t\t<\/div>\n\t\t<\/div>\n\t\t\t\t\t<\/div>\n\t\t<\/section>\n\t\t\t\t\t<\/div>\n\t\t<\/div>\n\t\t\t\t\t<\/div>\n\t\t<\/section>\n\t\t\t\t<section class=\"elementor-section elementor-top-section elementor-element elementor-element-928a456 elementor-section-stretched elementor-section-full_width elementor-section-height-default elementor-section-height-default\" data-id=\"928a456\" data-element_type=\"section\" data-e-type=\"section\" data-settings=\"{&quot;stretch_section&quot;:&quot;section-stretched&quot;,&quot;background_background&quot;:&quot;classic&quot;}\">\n\t\t\t\t\t\t<div class=\"elementor-container elementor-column-gap-no\">\n\t\t\t\t\t<div class=\"elementor-column elementor-col-100 elementor-top-column elementor-element elementor-element-f3c2884\" data-id=\"f3c2884\" data-element_type=\"column\" data-e-type=\"column\">\n\t\t\t<div class=\"elementor-widget-wrap elementor-element-populated\">\n\t\t\t\t\t\t<section class=\"elementor-section elementor-inner-section elementor-element elementor-element-23b08a8 elementor-section-boxed elementor-section-height-default elementor-section-height-default\" data-id=\"23b08a8\" data-element_type=\"section\" data-e-type=\"section\">\n\t\t\t\t\t\t<div class=\"elementor-container elementor-column-gap-no\">\n\t\t\t\t\t<div class=\"elementor-column elementor-col-50 elementor-inner-column elementor-element elementor-element-bd1e78d\" data-id=\"bd1e78d\" data-element_type=\"column\" data-e-type=\"column\">\n\t\t\t<div class=\"elementor-widget-wrap elementor-element-populated\">\n\t\t\t\t\t\t<div class=\"elementor-element elementor-element-ef745ee elementor-widget elementor-widget-image\" data-id=\"ef745ee\" data-element_type=\"widget\" data-e-type=\"widget\" data-widget_type=\"image.default\">\n\t\t\t\t<div class=\"elementor-widget-container\">\n\t\t\t\t\t\t\t\t\t\t\t\t\t\t\t<img loading=\"lazy\" decoding=\"async\" width=\"571\" height=\"360\" src=\"https:\/\/www.growtec.com\/wp-content\/uploads\/2022\/08\/flower-growing-systems-case-study.png\" class=\"attachment-large size-large wp-image-1090\" alt=\"\" \/>\t\t\t\t\t\t\t\t\t\t\t\t\t\t\t<\/div>\n\t\t\t\t<\/div>\n\t\t\t\t\t<\/div>\n\t\t<\/div>\n\t\t\t\t<div class=\"elementor-column elementor-col-50 elementor-inner-column elementor-element elementor-element-258838e\" data-id=\"258838e\" data-element_type=\"column\" data-e-type=\"column\">\n\t\t\t<div class=\"elementor-widget-wrap elementor-element-populated\">\n\t\t\t\t\t\t<div class=\"elementor-element elementor-element-95b18eb elementor-widget elementor-widget-heading\" data-id=\"95b18eb\" data-element_type=\"widget\" data-e-type=\"widget\" data-widget_type=\"heading.default\">\n\t\t\t\t<div class=\"elementor-widget-container\">\n\t\t\t\t\t<h2 class=\"elementor-heading-title elementor-size-default\">Unsere Projekte<\/h2>\t\t\t\t<\/div>\n\t\t\t\t<\/div>\n\t\t\t\t<div class=\"elementor-element elementor-element-79cb3f9 elementor-widget elementor-widget-text-editor\" data-id=\"79cb3f9\" data-element_type=\"widget\" data-e-type=\"widget\" data-widget_type=\"text-editor.default\">\n\t\t\t\t<div class=\"elementor-widget-container\">\n\t\t\t\t\t\t\t\t\t<p>Growtec hat es sich zur Aufgabe gemacht, G\u00e4rtner zu unterst\u00fctzen und sie mit der neuesten Technologie auszustatten, um leistungsstarke Ergebnisse in der Landwirtschaft und im Gartenbau zu erzielen.<\/p>\t\t\t\t\t\t\t\t<\/div>\n\t\t\t\t<\/div>\n\t\t\t\t<div class=\"elementor-element elementor-element-40d93f5 elementor-widget elementor-widget-button\" data-id=\"40d93f5\" data-element_type=\"widget\" data-e-type=\"widget\" data-widget_type=\"button.default\">\n\t\t\t\t<div class=\"elementor-widget-container\">\n\t\t\t\t\t\t\t\t\t<div class=\"elementor-button-wrapper\">\n\t\t\t\t\t<a class=\"elementor-button elementor-button-link elementor-size-lg elementor-animation-grow\" href=\"https:\/\/www.growtec.com\/de\/projects\/\">\n\t\t\t\t\t\t<span class=\"elementor-button-content-wrapper\">\n\t\t\t\t\t\t\t\t\t<span class=\"elementor-button-text\">mehr lesen<\/span>\n\t\t\t\t\t<\/span>\n\t\t\t\t\t<\/a>\n\t\t\t\t<\/div>\n\t\t\t\t\t\t\t\t<\/div>\n\t\t\t\t<\/div>\n\t\t\t\t\t<\/div>\n\t\t<\/div>\n\t\t\t\t\t<\/div>\n\t\t<\/section>\n\t\t\t\t\t<\/div>\n\t\t<\/div>\n\t\t\t\t\t<\/div>\n\t\t<\/section>\n\t\t\t\t<section class=\"elementor-section elementor-top-section elementor-element elementor-element-ff43302 elementor-reverse-mobile elementor-section-full_width elementor-section-height-default elementor-section-height-default\" data-id=\"ff43302\" data-element_type=\"section\" data-e-type=\"section\">\n\t\t\t\t\t\t<div class=\"elementor-container elementor-column-gap-no\">\n\t\t\t\t\t<div class=\"elementor-column elementor-col-50 elementor-top-column elementor-element elementor-element-f5b4706\" data-id=\"f5b4706\" data-element_type=\"column\" data-e-type=\"column\">\n\t\t\t<div class=\"elementor-widget-wrap elementor-element-populated\">\n\t\t\t\t\t\t<div class=\"elementor-element elementor-element-b203c77 elementor-widget elementor-widget-heading\" data-id=\"b203c77\" data-element_type=\"widget\" data-e-type=\"widget\" data-widget_type=\"heading.default\">\n\t\t\t\t<div class=\"elementor-widget-container\">\n\t\t\t\t\t<h2 class=\"elementor-heading-title elementor-size-default\">Sind Sie bereit, Ihr Potenzial auszubauen?<\/h2>\t\t\t\t<\/div>\n\t\t\t\t<\/div>\n\t\t\t\t<div class=\"elementor-element elementor-element-408c460 elementor-widget elementor-widget-text-editor\" data-id=\"408c460\" data-element_type=\"widget\" data-e-type=\"widget\" data-widget_type=\"text-editor.default\">\n\t\t\t\t<div class=\"elementor-widget-container\">\n\t\t\t\t\t\t\t\t\t<p>Wir sind f\u00fcr Sie da. Wenden Sie sich an uns, wenn Sie ein Angebot oder weitere Informationen zu unseren Dienstleistungen, Technologien und Ger\u00e4ten w\u00fcnschen. Wir arbeiten gerne daran, Ihr Wachstum zu unterst\u00fctzen.<\/p>\n\t\t\t\t\t\t\t\t<\/div>\n\t\t\t\t<\/div>\n\t\t\t\t<div class=\"elementor-element elementor-element-c167ea6 elementor-widget elementor-widget-button\" data-id=\"c167ea6\" data-element_type=\"widget\" data-e-type=\"widget\" data-widget_type=\"button.default\">\n\t\t\t\t<div class=\"elementor-widget-container\">\n\t\t\t\t\t\t\t\t\t<div class=\"elementor-button-wrapper\">\n\t\t\t\t\t<a class=\"elementor-button elementor-button-link elementor-size-lg elementor-animation-grow\" href=\"https:\/\/www.growtec.com\/de\/kontakt\/\">\n\t\t\t\t\t\t<span class=\"elementor-button-content-wrapper\">\n\t\t\t\t\t\t\t\t\t<span class=\"elementor-button-text\">Angebot anfordern<\/span>\n\t\t\t\t\t<\/span>\n\t\t\t\t\t<\/a>\n\t\t\t\t<\/div>\n\t\t\t\t\t\t\t\t<\/div>\n\t\t\t\t<\/div>\n\t\t\t\t\t<\/div>\n\t\t<\/div>\n\t\t\t\t<div class=\"elementor-column elementor-col-50 elementor-top-column elementor-element elementor-element-a72fba4\" data-id=\"a72fba4\" data-element_type=\"column\" data-e-type=\"column\">\n\t\t\t<div class=\"elementor-widget-wrap elementor-element-populated\">\n\t\t\t\t\t\t<div class=\"elementor-element elementor-element-f217992 elementor-widget elementor-widget-image\" data-id=\"f217992\" data-element_type=\"widget\" data-e-type=\"widget\" data-widget_type=\"image.default\">\n\t\t\t\t<div class=\"elementor-widget-container\">\n\t\t\t\t\t\t\t\t\t\t\t\t\t\t\t<img loading=\"lazy\" decoding=\"async\" width=\"703\" height=\"428\" src=\"https:\/\/www.growtec.com\/wp-content\/uploads\/2022\/08\/have-a-question.jpg\" class=\"attachment-large size-large wp-image-3565\" alt=\"\" \/>\t\t\t\t\t\t\t\t\t\t\t\t\t\t\t<\/div>\n\t\t\t\t<\/div>\n\t\t\t\t\t<\/div>\n\t\t<\/div>\n\t\t\t\t\t<\/div>\n\t\t<\/section>\n\t\t\t\t<\/div>\n\t\t","protected":false},"excerpt":{"rendered":"<p>Beobachten Sie, wie Ihre Qualit\u00c3\u00a4t, Ihr Ertrag und Ihr Gesch\u00c3\u00a4ft wachsen und gedeihen. Wir lassen die Blumenz\u00c3\u00bcchter und ihre speziellen Bed\u00c3\u00bcrfnisse nicht au\u00c3\u0178er Acht. Von der Wurzel bis zur Bl\u00c3\u00bcte ist es unser Ziel, Systeme zu entwickeln und zu implementieren, die f\u00c3\u00bcr Sie arbeiten und alle Aspekte der Anbaubedingungen und des N\u00c3\u00a4hrstoffbedarfs Ihrer Blumenkultur ber\u00c3\u00bccksichtigen, [&hellip;]<\/p>\n","protected":false},"author":3,"featured_media":3461,"parent":3441,"menu_order":0,"comment_status":"closed","ping_status":"closed","template":"","meta":{"_acf_changed":false,"footnotes":""},"class_list":["post-3460","page","type-page","status-publish","hentry"],"acf":[],"_links":{"self":[{"href":"https:\/\/www.growtec.com\/de\/wp-json\/wp\/v2\/pages\/3460","targetHints":{"allow":["GET"]}}],"collection":[{"href":"https:\/\/www.growtec.com\/de\/wp-json\/wp\/v2\/pages"}],"about":[{"href":"https:\/\/www.growtec.com\/de\/wp-json\/wp\/v2\/types\/page"}],"author":[{"embeddable":true,"href":"https:\/\/www.growtec.com\/de\/wp-json\/wp\/v2\/users\/3"}],"replies":[{"embeddable":true,"href":"https:\/\/www.growtec.com\/de\/wp-json\/wp\/v2\/comments?post=3460"}],"version-history":[{"count":0,"href":"https:\/\/www.growtec.com\/de\/wp-json\/wp\/v2\/pages\/3460\/revisions"}],"up":[{"embeddable":true,"href":"https:\/\/www.growtec.com\/de\/wp-json\/wp\/v2\/pages\/3441"}],"wp:featuredmedia":[{"embeddable":true,"href":"https:\/\/www.growtec.com\/de\/wp-json\/wp\/v2\/media\/3461"}],"wp:attachment":[{"href":"https:\/\/www.growtec.com\/de\/wp-json\/wp\/v2\/media?parent=3460"}],"curies":[{"name":"wp","href":"https:\/\/api.w.org\/{rel}","templated":true}]}}