{"id":3457,"date":"2022-08-01T11:39:01","date_gmt":"2022-08-01T15:39:01","guid":{"rendered":"https:\/\/growteccom.wpenginepowered.com\/anbausysteme\/anbausysteme-fuer-beerenobst\/"},"modified":"2024-04-16T10:23:41","modified_gmt":"2024-04-16T14:23:41","slug":"anbausysteme-fuer-beerenobst","status":"publish","type":"page","link":"https:\/\/www.growtec.com\/de\/anbausysteme\/anbausysteme-fuer-beerenobst\/","title":{"rendered":"Anbausysteme f\u00fcr Beerenobst"},"content":{"rendered":"\t\t<div data-elementor-type=\"wp-page\" data-elementor-id=\"3457\" class=\"elementor elementor-3457 elementor-380\" data-elementor-post-type=\"page\">\n\t\t\t\t\t\t<section class=\"elementor-section elementor-top-section elementor-element elementor-element-4400630 elementor-section-stretched elementor-section-boxed elementor-section-height-default elementor-section-height-default\" data-id=\"4400630\" data-element_type=\"section\" data-e-type=\"section\" data-settings=\"{&quot;stretch_section&quot;:&quot;section-stretched&quot;,&quot;background_background&quot;:&quot;classic&quot;}\">\n\t\t\t\t\t\t<div class=\"elementor-container elementor-column-gap-no\">\n\t\t\t\t\t<div class=\"elementor-column elementor-col-50 elementor-top-column elementor-element elementor-element-3bc399f\" data-id=\"3bc399f\" data-element_type=\"column\" data-e-type=\"column\">\n\t\t\t<div class=\"elementor-widget-wrap elementor-element-populated\">\n\t\t\t\t\t\t<div class=\"elementor-element elementor-element-b545919 elementor-widget elementor-widget-image\" data-id=\"b545919\" data-element_type=\"widget\" data-e-type=\"widget\" data-widget_type=\"image.default\">\n\t\t\t\t<div class=\"elementor-widget-container\">\n\t\t\t\t\t\t\t\t\t\t\t\t\t\t\t<img fetchpriority=\"high\" decoding=\"async\" width=\"426\" height=\"440\" src=\"https:\/\/www.growtec.com\/wp-content\/uploads\/2022\/08\/fruit-service-overview.png\" class=\"attachment-large size-large wp-image-1079\" alt=\"\" \/>\t\t\t\t\t\t\t\t\t\t\t\t\t\t\t<\/div>\n\t\t\t\t<\/div>\n\t\t\t\t\t<\/div>\n\t\t<\/div>\n\t\t\t\t<div class=\"elementor-column elementor-col-50 elementor-top-column elementor-element elementor-element-461df59\" data-id=\"461df59\" data-element_type=\"column\" data-e-type=\"column\">\n\t\t\t<div class=\"elementor-widget-wrap elementor-element-populated\">\n\t\t\t\t\t\t<div class=\"elementor-element elementor-element-4d56637 elementor-widget elementor-widget-heading\" data-id=\"4d56637\" data-element_type=\"widget\" data-e-type=\"widget\" data-widget_type=\"heading.default\">\n\t\t\t\t<div class=\"elementor-widget-container\">\n\t\t\t\t\t<h2 class=\"elementor-heading-title elementor-size-default\">Die Fr\u00fcchte Ihrer Arbeit werden nie gr\u00f6\u00dfer oder besser sein.<\/h2>\t\t\t\t<\/div>\n\t\t\t\t<\/div>\n\t\t\t\t<div class=\"elementor-element elementor-element-ceb78d8 elementor-widget elementor-widget-text-editor\" data-id=\"ceb78d8\" data-element_type=\"widget\" data-e-type=\"widget\" data-widget_type=\"text-editor.default\">\n\t\t\t\t<div class=\"elementor-widget-container\">\n\t\t\t\t\t\t\t\t\t<p>Unser Ziel ist es, f\u00fcr jeden Kunden in der Obstbranche die bestm\u00f6glichen L\u00f6sungen f\u00fcr seine Situation, sein Budget, seine Kulturen und sein Gesch\u00e4ft zu finden, damit er erfolgreich ist. In unserer Vision ist der Erfolg jedes Kunden auch unser Erfolg. Jedes Mal, wenn wir die Produktivit\u00e4t, Qualit\u00e4t, den Ertrag und die Effizienz der Obstproduktion eines Kunden durch sein Anbausystem verbessern k\u00f6nnen, z\u00e4hlen wir dieses professionelle Wachstum als Wachstum von Growtec. \u00a0<\/p><p>Unser Ziel ist es, Ihre Kosten zu senken und gleichzeitig die Qualit\u00e4t Ihrer Anbaubedingungen zu verbessern. Wir sind stolz auf unsere z\u00fcgige Planung und schnelle Installation, wobei wir bei jedem Schritt gr\u00fcndlich und effizient vorgehen. Die besten Materialien und Werkzeuge werden in jedem Teil des Prozesses verwendet: Endabl\u00e4ufe aus rostfreiem Stahl, Gehweg- und Giebelkonsolen, Spannband, Rinnen mit flexibler Breite (130-360 mm in 10 mm Schritten), Bew\u00e4sserungsb\u00fcgel aus verzinktem Draht, Aufh\u00e4ngung nach Ma\u00df und Endkappen mit Ihrem Firmenlogo als Abschluss.<\/p>\t\t\t\t\t\t\t\t<\/div>\n\t\t\t\t<\/div>\n\t\t\t\t\t<\/div>\n\t\t<\/div>\n\t\t\t\t\t<\/div>\n\t\t<\/section>\n\t\t\t\t<section class=\"elementor-section elementor-top-section elementor-element elementor-element-cbde977 elementor-section-full_width elementor-section-stretched elementor-hidden-desktop elementor-hidden-tablet elementor-hidden-mobile elementor-section-height-default elementor-section-height-default\" data-id=\"cbde977\" data-element_type=\"section\" data-e-type=\"section\" data-settings=\"{&quot;stretch_section&quot;:&quot;section-stretched&quot;}\">\n\t\t\t\t\t\t<div class=\"elementor-container elementor-column-gap-no\">\n\t\t\t\t\t<div class=\"elementor-column elementor-col-100 elementor-top-column elementor-element elementor-element-d898abd\" data-id=\"d898abd\" data-element_type=\"column\" data-e-type=\"column\">\n\t\t\t<div class=\"elementor-widget-wrap elementor-element-populated\">\n\t\t\t\t\t\t<section class=\"elementor-section elementor-inner-section elementor-element elementor-element-e01945e elementor-section-boxed elementor-section-height-default elementor-section-height-default\" data-id=\"e01945e\" data-element_type=\"section\" data-e-type=\"section\">\n\t\t\t\t\t\t<div class=\"elementor-container elementor-column-gap-no\">\n\t\t\t\t\t<div class=\"elementor-column elementor-col-100 elementor-inner-column elementor-element elementor-element-9e86eb4\" data-id=\"9e86eb4\" data-element_type=\"column\" data-e-type=\"column\">\n\t\t\t<div class=\"elementor-widget-wrap elementor-element-populated\">\n\t\t\t\t\t\t<div class=\"elementor-element elementor-element-99b655c elementor-widget elementor-widget-heading\" data-id=\"99b655c\" data-element_type=\"widget\" data-e-type=\"widget\" data-widget_type=\"heading.default\">\n\t\t\t\t<div class=\"elementor-widget-container\">\n\t\t\t\t\t<h2 class=\"elementor-heading-title elementor-size-default\">Related Products<\/h2>\t\t\t\t<\/div>\n\t\t\t\t<\/div>\n\t\t\t\t<div class=\"elementor-element elementor-element-72d46ea elementor-widget elementor-widget-growtec_products_grid\" data-id=\"72d46ea\" data-element_type=\"widget\" data-e-type=\"widget\" data-widget_type=\"growtec_products_grid.default\">\n\t\t\t\t<div class=\"elementor-widget-container\">\n\t\t\t\t\t<div class=\"growtec-products-grid\"><a class=\"growtec-products-grid-item\" href=\"https:\/\/www.growtec.com\/de\/products\/fourth-product-name\/\"><div class=\"growtec-products-grid-item-image\"><img decoding=\"async\" width=\"600\" height=\"600\" src=\"https:\/\/www.growtec.com\/wp-content\/uploads\/2022\/08\/card-irrigation-systems-1-600x600.jpg\" class=\"attachment-thumbnail size-thumbnail\" alt=\"\" \/><\/div><div class=\"growtec-products-grid-item-title\">Fourth Product Name<\/div><div class=\"growtec-products-grid-item-learnmore\">Mehr wissen ><\/div><\/a><a class=\"growtec-products-grid-item\" href=\"https:\/\/www.growtec.com\/de\/products\/third-product\/\"><div class=\"growtec-products-grid-item-image\"><img decoding=\"async\" width=\"600\" height=\"600\" src=\"https:\/\/www.growtec.com\/wp-content\/uploads\/2022\/08\/growing-system-header-600x600.jpeg\" class=\"attachment-thumbnail size-thumbnail\" alt=\"\" \/><\/div><div class=\"growtec-products-grid-item-title\">Third Product<\/div><div class=\"growtec-products-grid-item-learnmore\">Mehr wissen ><\/div><\/a><a class=\"growtec-products-grid-item\" href=\"https:\/\/www.growtec.com\/de\/products\/another-product\/\"><div class=\"growtec-products-grid-item-image\"><img loading=\"lazy\" decoding=\"async\" width=\"600\" height=\"600\" src=\"https:\/\/www.growtec.com\/wp-content\/uploads\/2022\/08\/card-growing-systems-600x600.jpg\" class=\"attachment-thumbnail size-thumbnail\" alt=\"\" \/><\/div><div class=\"growtec-products-grid-item-title\">Another Product<\/div><div class=\"growtec-products-grid-item-learnmore\">Mehr wissen ><\/div><\/a><a class=\"growtec-products-grid-item\" href=\"https:\/\/www.growtec.com\/de\/products\/product-name-here\/\"><div class=\"growtec-products-grid-item-image\"><img loading=\"lazy\" decoding=\"async\" width=\"600\" height=\"600\" src=\"https:\/\/www.growtec.com\/wp-content\/uploads\/2022\/08\/card-irrigation-systems-600x600.jpg\" class=\"attachment-thumbnail size-thumbnail\" alt=\"\" \/><\/div><div class=\"growtec-products-grid-item-title\">Product Name Here<\/div><div class=\"growtec-products-grid-item-learnmore\">Mehr wissen ><\/div><\/a><\/div>\t\t\t\t<\/div>\n\t\t\t\t<\/div>\n\t\t\t\t\t<\/div>\n\t\t<\/div>\n\t\t\t\t\t<\/div>\n\t\t<\/section>\n\t\t\t\t\t<\/div>\n\t\t<\/div>\n\t\t\t\t\t<\/div>\n\t\t<\/section>\n\t\t\t\t<section class=\"elementor-section elementor-top-section elementor-element elementor-element-27fc8aa elementor-section-stretched elementor-section-full_width elementor-section-height-default elementor-section-height-default\" data-id=\"27fc8aa\" data-element_type=\"section\" data-e-type=\"section\" data-settings=\"{&quot;stretch_section&quot;:&quot;section-stretched&quot;,&quot;background_background&quot;:&quot;classic&quot;}\">\n\t\t\t\t\t\t<div class=\"elementor-container elementor-column-gap-no\">\n\t\t\t\t\t<div class=\"elementor-column elementor-col-100 elementor-top-column elementor-element elementor-element-b55bb7b\" data-id=\"b55bb7b\" data-element_type=\"column\" data-e-type=\"column\">\n\t\t\t<div class=\"elementor-widget-wrap elementor-element-populated\">\n\t\t\t\t\t\t<section class=\"elementor-section elementor-inner-section elementor-element elementor-element-31fbeb4 elementor-section-boxed elementor-section-height-default elementor-section-height-default\" data-id=\"31fbeb4\" data-element_type=\"section\" data-e-type=\"section\">\n\t\t\t\t\t\t<div class=\"elementor-container elementor-column-gap-no\">\n\t\t\t\t\t<div class=\"elementor-column elementor-col-50 elementor-inner-column elementor-element elementor-element-7b5e73f\" data-id=\"7b5e73f\" data-element_type=\"column\" data-e-type=\"column\">\n\t\t\t<div class=\"elementor-widget-wrap elementor-element-populated\">\n\t\t\t\t\t\t<div class=\"elementor-element elementor-element-1fad3ca elementor-widget elementor-widget-image\" data-id=\"1fad3ca\" data-element_type=\"widget\" data-e-type=\"widget\" data-widget_type=\"image.default\">\n\t\t\t\t<div class=\"elementor-widget-container\">\n\t\t\t\t\t\t\t\t\t\t\t\t\t\t\t<img loading=\"lazy\" decoding=\"async\" width=\"857\" height=\"540\" src=\"https:\/\/www.growtec.com\/wp-content\/uploads\/2022\/09\/fr-CS.png\" class=\"attachment-large size-large wp-image-2141\" alt=\"\" srcset=\"https:\/\/www.growtec.com\/wp-content\/uploads\/2022\/09\/fr-CS.png 857w, https:\/\/www.growtec.com\/wp-content\/uploads\/2022\/09\/fr-CS-750x473.png 750w, https:\/\/www.growtec.com\/wp-content\/uploads\/2022\/09\/fr-CS-768x484.png 768w\" sizes=\"(max-width: 857px) 100vw, 857px\" \/>\t\t\t\t\t\t\t\t\t\t\t\t\t\t\t<\/div>\n\t\t\t\t<\/div>\n\t\t\t\t\t<\/div>\n\t\t<\/div>\n\t\t\t\t<div class=\"elementor-column elementor-col-50 elementor-inner-column elementor-element elementor-element-4ad0bc5\" data-id=\"4ad0bc5\" data-element_type=\"column\" data-e-type=\"column\">\n\t\t\t<div class=\"elementor-widget-wrap elementor-element-populated\">\n\t\t\t\t\t\t<div class=\"elementor-element elementor-element-ef036b7 elementor-widget elementor-widget-heading\" data-id=\"ef036b7\" data-element_type=\"widget\" data-e-type=\"widget\" data-widget_type=\"heading.default\">\n\t\t\t\t<div class=\"elementor-widget-container\">\n\t\t\t\t\t<h2 class=\"elementor-heading-title elementor-size-default\">Unsere Projekte<\/h2>\t\t\t\t<\/div>\n\t\t\t\t<\/div>\n\t\t\t\t<div class=\"elementor-element elementor-element-945e566 elementor-widget elementor-widget-text-editor\" data-id=\"945e566\" data-element_type=\"widget\" data-e-type=\"widget\" data-widget_type=\"text-editor.default\">\n\t\t\t\t<div class=\"elementor-widget-container\">\n\t\t\t\t\t\t\t\t\t<p>Growtec hat es sich zur Aufgabe gemacht, G\u00e4rtner zu unterst\u00fctzen und sie mit der neuesten Technologie auszustatten, um leistungsstarke Ergebnisse in der Landwirtschaft und im Gartenbau zu erzielen.<\/p>\t\t\t\t\t\t\t\t<\/div>\n\t\t\t\t<\/div>\n\t\t\t\t<div class=\"elementor-element elementor-element-86df7ff elementor-widget elementor-widget-button\" data-id=\"86df7ff\" data-element_type=\"widget\" data-e-type=\"widget\" data-widget_type=\"button.default\">\n\t\t\t\t<div class=\"elementor-widget-container\">\n\t\t\t\t\t\t\t\t\t<div class=\"elementor-button-wrapper\">\n\t\t\t\t\t<a class=\"elementor-button elementor-button-link elementor-size-lg elementor-animation-grow\" href=\"https:\/\/www.growtec.com\/de\/projects\/\">\n\t\t\t\t\t\t<span class=\"elementor-button-content-wrapper\">\n\t\t\t\t\t\t\t\t\t<span class=\"elementor-button-text\">mehr lesen<\/span>\n\t\t\t\t\t<\/span>\n\t\t\t\t\t<\/a>\n\t\t\t\t<\/div>\n\t\t\t\t\t\t\t\t<\/div>\n\t\t\t\t<\/div>\n\t\t\t\t\t<\/div>\n\t\t<\/div>\n\t\t\t\t\t<\/div>\n\t\t<\/section>\n\t\t\t\t\t<\/div>\n\t\t<\/div>\n\t\t\t\t\t<\/div>\n\t\t<\/section>\n\t\t\t\t<section class=\"elementor-section elementor-top-section elementor-element elementor-element-2c7fcaa elementor-reverse-mobile elementor-section-full_width elementor-section-height-default elementor-section-height-default\" data-id=\"2c7fcaa\" data-element_type=\"section\" data-e-type=\"section\">\n\t\t\t\t\t\t<div class=\"elementor-container elementor-column-gap-no\">\n\t\t\t\t\t<div class=\"elementor-column elementor-col-50 elementor-top-column elementor-element elementor-element-60cbab2\" data-id=\"60cbab2\" data-element_type=\"column\" data-e-type=\"column\">\n\t\t\t<div class=\"elementor-widget-wrap elementor-element-populated\">\n\t\t\t\t\t\t<div class=\"elementor-element elementor-element-6dc6da4 elementor-widget elementor-widget-heading\" data-id=\"6dc6da4\" data-element_type=\"widget\" data-e-type=\"widget\" data-widget_type=\"heading.default\">\n\t\t\t\t<div class=\"elementor-widget-container\">\n\t\t\t\t\t<h2 class=\"elementor-heading-title elementor-size-default\">Sind Sie bereit, Ihr Potenzial auszubauen?<\/h2>\t\t\t\t<\/div>\n\t\t\t\t<\/div>\n\t\t\t\t<div class=\"elementor-element elementor-element-34f8b67 elementor-widget elementor-widget-text-editor\" data-id=\"34f8b67\" data-element_type=\"widget\" data-e-type=\"widget\" data-widget_type=\"text-editor.default\">\n\t\t\t\t<div class=\"elementor-widget-container\">\n\t\t\t\t\t\t\t\t\t<p>Wir sind f\u00fcr Sie da. Wenden Sie sich an uns, wenn Sie ein Angebot oder weitere Informationen zu unseren Dienstleistungen, Technologien und Ger\u00e4ten w\u00fcnschen. Wir arbeiten gerne daran, Ihr Wachstum zu unterst\u00fctzen.<\/p>\n\t\t\t\t\t\t\t\t<\/div>\n\t\t\t\t<\/div>\n\t\t\t\t<div class=\"elementor-element elementor-element-09bf22a elementor-widget elementor-widget-button\" data-id=\"09bf22a\" data-element_type=\"widget\" data-e-type=\"widget\" data-widget_type=\"button.default\">\n\t\t\t\t<div class=\"elementor-widget-container\">\n\t\t\t\t\t\t\t\t\t<div class=\"elementor-button-wrapper\">\n\t\t\t\t\t<a class=\"elementor-button elementor-button-link elementor-size-lg elementor-animation-grow\" href=\"https:\/\/www.growtec.com\/de\/kontakt\/\">\n\t\t\t\t\t\t<span class=\"elementor-button-content-wrapper\">\n\t\t\t\t\t\t\t\t\t<span class=\"elementor-button-text\">Angebot anfordern<\/span>\n\t\t\t\t\t<\/span>\n\t\t\t\t\t<\/a>\n\t\t\t\t<\/div>\n\t\t\t\t\t\t\t\t<\/div>\n\t\t\t\t<\/div>\n\t\t\t\t\t<\/div>\n\t\t<\/div>\n\t\t\t\t<div class=\"elementor-column elementor-col-50 elementor-top-column elementor-element elementor-element-80fed17\" data-id=\"80fed17\" data-element_type=\"column\" data-e-type=\"column\">\n\t\t\t<div class=\"elementor-widget-wrap elementor-element-populated\">\n\t\t\t\t\t\t<div class=\"elementor-element elementor-element-e42042d elementor-widget elementor-widget-image\" data-id=\"e42042d\" data-element_type=\"widget\" data-e-type=\"widget\" data-widget_type=\"image.default\">\n\t\t\t\t<div class=\"elementor-widget-container\">\n\t\t\t\t\t\t\t\t\t\t\t\t\t\t\t<img loading=\"lazy\" decoding=\"async\" width=\"703\" height=\"428\" src=\"https:\/\/www.growtec.com\/wp-content\/uploads\/2022\/08\/have-a-question.jpg\" class=\"attachment-large size-large wp-image-3565\" alt=\"\" \/>\t\t\t\t\t\t\t\t\t\t\t\t\t\t\t<\/div>\n\t\t\t\t<\/div>\n\t\t\t\t\t<\/div>\n\t\t<\/div>\n\t\t\t\t\t<\/div>\n\t\t<\/section>\n\t\t\t\t<\/div>\n\t\t","protected":false},"excerpt":{"rendered":"<p>Die Fr\u00c3\u00bcchte Ihrer Arbeit werden nie gr\u00c3\u00b6\u00c3\u0178er oder besser sein. Unser Ziel ist es, f\u00c3\u00bcr jeden Kunden in der Obstbranche die bestm\u00c3\u00b6glichen L\u00c3\u00b6sungen f\u00c3\u00bcr seine Situation, sein Budget, seine Kulturen und sein Gesch\u00c3\u00a4ft zu finden, damit er erfolgreich ist. In unserer Vision ist der Erfolg jedes Kunden auch unser Erfolg. Jedes Mal, wenn wir die [&hellip;]<\/p>\n","protected":false},"author":3,"featured_media":3458,"parent":3441,"menu_order":0,"comment_status":"closed","ping_status":"closed","template":"","meta":{"_acf_changed":false,"footnotes":""},"class_list":["post-3457","page","type-page","status-publish","hentry"],"acf":[],"_links":{"self":[{"href":"https:\/\/www.growtec.com\/de\/wp-json\/wp\/v2\/pages\/3457","targetHints":{"allow":["GET"]}}],"collection":[{"href":"https:\/\/www.growtec.com\/de\/wp-json\/wp\/v2\/pages"}],"about":[{"href":"https:\/\/www.growtec.com\/de\/wp-json\/wp\/v2\/types\/page"}],"author":[{"embeddable":true,"href":"https:\/\/www.growtec.com\/de\/wp-json\/wp\/v2\/users\/3"}],"replies":[{"embeddable":true,"href":"https:\/\/www.growtec.com\/de\/wp-json\/wp\/v2\/comments?post=3457"}],"version-history":[{"count":0,"href":"https:\/\/www.growtec.com\/de\/wp-json\/wp\/v2\/pages\/3457\/revisions"}],"up":[{"embeddable":true,"href":"https:\/\/www.growtec.com\/de\/wp-json\/wp\/v2\/pages\/3441"}],"wp:featuredmedia":[{"embeddable":true,"href":"https:\/\/www.growtec.com\/de\/wp-json\/wp\/v2\/media\/3458"}],"wp:attachment":[{"href":"https:\/\/www.growtec.com\/de\/wp-json\/wp\/v2\/media?parent=3457"}],"curies":[{"name":"wp","href":"https:\/\/api.w.org\/{rel}","templated":true}]}}