{"id":3454,"date":"2022-08-01T08:19:15","date_gmt":"2022-08-01T12:19:15","guid":{"rendered":"https:\/\/growteccom.wpenginepowered.com\/anbausysteme\/gemueseanbausysteme\/"},"modified":"2024-04-16T10:23:49","modified_gmt":"2024-04-16T14:23:49","slug":"gemueseanbausysteme","status":"publish","type":"page","link":"https:\/\/www.growtec.com\/de\/anbausysteme\/gemueseanbausysteme\/","title":{"rendered":"Gem\u00fcseanbausysteme"},"content":{"rendered":"\t\t<div data-elementor-type=\"wp-page\" data-elementor-id=\"3454\" class=\"elementor elementor-3454 elementor-163\" data-elementor-post-type=\"page\">\n\t\t\t\t\t\t<section class=\"elementor-section elementor-top-section elementor-element elementor-element-6582646 elementor-section-stretched elementor-section-boxed elementor-section-height-default elementor-section-height-default\" data-id=\"6582646\" data-element_type=\"section\" data-e-type=\"section\" data-settings=\"{&quot;stretch_section&quot;:&quot;section-stretched&quot;,&quot;background_background&quot;:&quot;classic&quot;}\">\n\t\t\t\t\t\t<div class=\"elementor-container elementor-column-gap-no\">\n\t\t\t\t\t<div class=\"elementor-column elementor-col-50 elementor-top-column elementor-element elementor-element-09ec53c\" data-id=\"09ec53c\" data-element_type=\"column\" data-e-type=\"column\">\n\t\t\t<div class=\"elementor-widget-wrap elementor-element-populated\">\n\t\t\t\t\t\t<div class=\"elementor-element elementor-element-5d826ab elementor-widget elementor-widget-image\" data-id=\"5d826ab\" data-element_type=\"widget\" data-e-type=\"widget\" data-widget_type=\"image.default\">\n\t\t\t\t<div class=\"elementor-widget-container\">\n\t\t\t\t\t\t\t\t\t\t\t\t\t\t\t<img fetchpriority=\"high\" decoding=\"async\" width=\"426\" height=\"440\" src=\"https:\/\/www.growtec.com\/wp-content\/uploads\/2022\/08\/vegetable-growing-systems-service-overview.png\" class=\"attachment-large size-large wp-image-828\" alt=\"\" \/>\t\t\t\t\t\t\t\t\t\t\t\t\t\t\t<\/div>\n\t\t\t\t<\/div>\n\t\t\t\t\t<\/div>\n\t\t<\/div>\n\t\t\t\t<div class=\"elementor-column elementor-col-50 elementor-top-column elementor-element elementor-element-5fc75e0\" data-id=\"5fc75e0\" data-element_type=\"column\" data-e-type=\"column\">\n\t\t\t<div class=\"elementor-widget-wrap elementor-element-populated\">\n\t\t\t\t\t\t<div class=\"elementor-element elementor-element-0848946 elementor-widget elementor-widget-heading\" data-id=\"0848946\" data-element_type=\"widget\" data-e-type=\"widget\" data-widget_type=\"heading.default\">\n\t\t\t\t<div class=\"elementor-widget-container\">\n\t\t\t\t\t<h2 class=\"elementor-heading-title elementor-size-default\">Gem\u00fcseanbau wie nie zuvor<\/h2>\t\t\t\t<\/div>\n\t\t\t\t<\/div>\n\t\t\t\t<div class=\"elementor-element elementor-element-e150776 elementor-widget elementor-widget-text-editor\" data-id=\"e150776\" data-element_type=\"widget\" data-e-type=\"widget\" data-widget_type=\"text-editor.default\">\n\t\t\t\t<div class=\"elementor-widget-container\">\n\t\t\t\t\t\t\t\t\t<p>Die Qualit\u00e4t der Ernte bestimmt in hohem Ma\u00dfe Ihren Vermarktungspreis, weshalb es so wichtig ist, eine m\u00f6glichst hohe Qualit\u00e4t zu erzielen und zu erhalten.\u00a0<\/p><p>Jedes Detail, jedes Material und jede Komponente wurde sorgf\u00e4ltig entwickelt und ausgew\u00e4hlt, um die Effizienz der Ernte und die Anbaubedingungen zu optimieren. Dazu geh\u00f6ren Endabl\u00e4ufe aus Edelstahl, verzinkte Drahtbew\u00e4sserungsb\u00fcgel und -st\u00fctzen, individuelle Aufh\u00e4ngungen, flexible Rinnenbreiten (von 130 bis 360 mm in 10-mm-Schritten), Umkehrb\u00fcgel an Giebel- und Gehwegst\u00fctzen sowie Endkappen mit Ihrem Firmenlogo als Abschluss.<\/p>\t\t\t\t\t\t\t\t<\/div>\n\t\t\t\t<\/div>\n\t\t\t\t\t<\/div>\n\t\t<\/div>\n\t\t\t\t\t<\/div>\n\t\t<\/section>\n\t\t\t\t<section class=\"elementor-section elementor-top-section elementor-element elementor-element-49c4261 elementor-section-full_width elementor-section-stretched elementor-hidden-desktop elementor-hidden-tablet elementor-hidden-mobile elementor-section-height-default elementor-section-height-default\" data-id=\"49c4261\" data-element_type=\"section\" data-e-type=\"section\" data-settings=\"{&quot;stretch_section&quot;:&quot;section-stretched&quot;}\">\n\t\t\t\t\t\t<div class=\"elementor-container elementor-column-gap-no\">\n\t\t\t\t\t<div class=\"elementor-column elementor-col-100 elementor-top-column elementor-element elementor-element-17da7fd\" data-id=\"17da7fd\" data-element_type=\"column\" data-e-type=\"column\">\n\t\t\t<div class=\"elementor-widget-wrap elementor-element-populated\">\n\t\t\t\t\t\t<section class=\"elementor-section elementor-inner-section elementor-element elementor-element-1e2c308 elementor-section-boxed elementor-section-height-default elementor-section-height-default\" data-id=\"1e2c308\" data-element_type=\"section\" data-e-type=\"section\">\n\t\t\t\t\t\t<div class=\"elementor-container elementor-column-gap-no\">\n\t\t\t\t\t<div class=\"elementor-column elementor-col-100 elementor-inner-column elementor-element elementor-element-5ef4b4a\" data-id=\"5ef4b4a\" data-element_type=\"column\" data-e-type=\"column\">\n\t\t\t<div class=\"elementor-widget-wrap elementor-element-populated\">\n\t\t\t\t\t\t<div class=\"elementor-element elementor-element-32e79ee elementor-widget elementor-widget-heading\" data-id=\"32e79ee\" data-element_type=\"widget\" data-e-type=\"widget\" data-widget_type=\"heading.default\">\n\t\t\t\t<div class=\"elementor-widget-container\">\n\t\t\t\t\t<h2 class=\"elementor-heading-title elementor-size-default\">Related Products<\/h2>\t\t\t\t<\/div>\n\t\t\t\t<\/div>\n\t\t\t\t<div class=\"elementor-element elementor-element-515849b elementor-widget elementor-widget-growtec_products_grid\" data-id=\"515849b\" data-element_type=\"widget\" data-e-type=\"widget\" data-widget_type=\"growtec_products_grid.default\">\n\t\t\t\t<div class=\"elementor-widget-container\">\n\t\t\t\t\t<div class=\"growtec-products-grid\"><a class=\"growtec-products-grid-item\" href=\"https:\/\/www.growtec.com\/de\/products\/fourth-product-name\/\"><div class=\"growtec-products-grid-item-image\"><img decoding=\"async\" width=\"600\" height=\"600\" src=\"https:\/\/www.growtec.com\/wp-content\/uploads\/2022\/08\/card-irrigation-systems-1-600x600.jpg\" class=\"attachment-thumbnail size-thumbnail\" alt=\"\" \/><\/div><div class=\"growtec-products-grid-item-title\">Fourth Product Name<\/div><div class=\"growtec-products-grid-item-learnmore\">Mehr wissen ><\/div><\/a><a class=\"growtec-products-grid-item\" href=\"https:\/\/www.growtec.com\/de\/products\/third-product\/\"><div class=\"growtec-products-grid-item-image\"><img decoding=\"async\" width=\"600\" height=\"600\" src=\"https:\/\/www.growtec.com\/wp-content\/uploads\/2022\/08\/growing-system-header-600x600.jpeg\" class=\"attachment-thumbnail size-thumbnail\" alt=\"\" \/><\/div><div class=\"growtec-products-grid-item-title\">Third Product<\/div><div class=\"growtec-products-grid-item-learnmore\">Mehr wissen ><\/div><\/a><a class=\"growtec-products-grid-item\" href=\"https:\/\/www.growtec.com\/de\/products\/another-product\/\"><div class=\"growtec-products-grid-item-image\"><img loading=\"lazy\" decoding=\"async\" width=\"600\" height=\"600\" src=\"https:\/\/www.growtec.com\/wp-content\/uploads\/2022\/08\/card-growing-systems-600x600.jpg\" class=\"attachment-thumbnail size-thumbnail\" alt=\"\" \/><\/div><div class=\"growtec-products-grid-item-title\">Another Product<\/div><div class=\"growtec-products-grid-item-learnmore\">Mehr wissen ><\/div><\/a><a class=\"growtec-products-grid-item\" href=\"https:\/\/www.growtec.com\/de\/products\/product-name-here\/\"><div class=\"growtec-products-grid-item-image\"><img loading=\"lazy\" decoding=\"async\" width=\"600\" height=\"600\" src=\"https:\/\/www.growtec.com\/wp-content\/uploads\/2022\/08\/card-irrigation-systems-600x600.jpg\" class=\"attachment-thumbnail size-thumbnail\" alt=\"\" \/><\/div><div class=\"growtec-products-grid-item-title\">Product Name Here<\/div><div class=\"growtec-products-grid-item-learnmore\">Mehr wissen ><\/div><\/a><\/div>\t\t\t\t<\/div>\n\t\t\t\t<\/div>\n\t\t\t\t\t<\/div>\n\t\t<\/div>\n\t\t\t\t\t<\/div>\n\t\t<\/section>\n\t\t\t\t\t<\/div>\n\t\t<\/div>\n\t\t\t\t\t<\/div>\n\t\t<\/section>\n\t\t\t\t<section class=\"elementor-section elementor-top-section elementor-element elementor-element-021b0f7 elementor-section-stretched elementor-section-full_width elementor-section-height-default elementor-section-height-default\" data-id=\"021b0f7\" data-element_type=\"section\" data-e-type=\"section\" data-settings=\"{&quot;stretch_section&quot;:&quot;section-stretched&quot;,&quot;background_background&quot;:&quot;classic&quot;}\">\n\t\t\t\t\t\t<div class=\"elementor-container elementor-column-gap-no\">\n\t\t\t\t\t<div class=\"elementor-column elementor-col-100 elementor-top-column elementor-element elementor-element-5218ca2\" data-id=\"5218ca2\" data-element_type=\"column\" data-e-type=\"column\">\n\t\t\t<div class=\"elementor-widget-wrap elementor-element-populated\">\n\t\t\t\t\t\t<section class=\"elementor-section elementor-inner-section elementor-element elementor-element-468e422 elementor-section-boxed elementor-section-height-default elementor-section-height-default\" data-id=\"468e422\" data-element_type=\"section\" data-e-type=\"section\">\n\t\t\t\t\t\t<div class=\"elementor-container elementor-column-gap-no\">\n\t\t\t\t\t<div class=\"elementor-column elementor-col-50 elementor-inner-column elementor-element elementor-element-96efef0\" data-id=\"96efef0\" data-element_type=\"column\" data-e-type=\"column\">\n\t\t\t<div class=\"elementor-widget-wrap elementor-element-populated\">\n\t\t\t\t\t\t<div class=\"elementor-element elementor-element-3559b5c elementor-widget elementor-widget-image\" data-id=\"3559b5c\" data-element_type=\"widget\" data-e-type=\"widget\" data-widget_type=\"image.default\">\n\t\t\t\t<div class=\"elementor-widget-container\">\n\t\t\t\t\t\t\t\t\t\t\t\t\t\t\t<img loading=\"lazy\" decoding=\"async\" width=\"571\" height=\"360\" src=\"https:\/\/www.growtec.com\/wp-content\/uploads\/2022\/09\/V-CS-1.png\" class=\"attachment-large size-large wp-image-2232\" alt=\"\" \/>\t\t\t\t\t\t\t\t\t\t\t\t\t\t\t<\/div>\n\t\t\t\t<\/div>\n\t\t\t\t\t<\/div>\n\t\t<\/div>\n\t\t\t\t<div class=\"elementor-column elementor-col-50 elementor-inner-column elementor-element elementor-element-be38e63\" data-id=\"be38e63\" data-element_type=\"column\" data-e-type=\"column\">\n\t\t\t<div class=\"elementor-widget-wrap elementor-element-populated\">\n\t\t\t\t\t\t<div class=\"elementor-element elementor-element-f8644ce elementor-widget elementor-widget-heading\" data-id=\"f8644ce\" data-element_type=\"widget\" data-e-type=\"widget\" data-widget_type=\"heading.default\">\n\t\t\t\t<div class=\"elementor-widget-container\">\n\t\t\t\t\t<h2 class=\"elementor-heading-title elementor-size-default\">Unsere Projekte<\/h2>\t\t\t\t<\/div>\n\t\t\t\t<\/div>\n\t\t\t\t<div class=\"elementor-element elementor-element-121d44a elementor-widget elementor-widget-text-editor\" data-id=\"121d44a\" data-element_type=\"widget\" data-e-type=\"widget\" data-widget_type=\"text-editor.default\">\n\t\t\t\t<div class=\"elementor-widget-container\">\n\t\t\t\t\t\t\t\t\t<p>Growtec hat es sich zur Aufgabe gemacht, G\u00e4rtner zu unterst\u00fctzen und sie mit der neuesten Technologie auszustatten, um leistungsstarke Ergebnisse in der Landwirtschaft und im Gartenbau zu erzielen.<\/p>\t\t\t\t\t\t\t\t<\/div>\n\t\t\t\t<\/div>\n\t\t\t\t<div class=\"elementor-element elementor-element-3b645fa elementor-widget elementor-widget-button\" data-id=\"3b645fa\" data-element_type=\"widget\" data-e-type=\"widget\" data-widget_type=\"button.default\">\n\t\t\t\t<div class=\"elementor-widget-container\">\n\t\t\t\t\t\t\t\t\t<div class=\"elementor-button-wrapper\">\n\t\t\t\t\t<a class=\"elementor-button elementor-button-link elementor-size-lg elementor-animation-grow\" href=\"https:\/\/www.growtec.com\/de\/projects\/\">\n\t\t\t\t\t\t<span class=\"elementor-button-content-wrapper\">\n\t\t\t\t\t\t\t\t\t<span class=\"elementor-button-text\">mehr lesen<\/span>\n\t\t\t\t\t<\/span>\n\t\t\t\t\t<\/a>\n\t\t\t\t<\/div>\n\t\t\t\t\t\t\t\t<\/div>\n\t\t\t\t<\/div>\n\t\t\t\t\t<\/div>\n\t\t<\/div>\n\t\t\t\t\t<\/div>\n\t\t<\/section>\n\t\t\t\t\t<\/div>\n\t\t<\/div>\n\t\t\t\t\t<\/div>\n\t\t<\/section>\n\t\t\t\t<section class=\"elementor-section elementor-top-section elementor-element elementor-element-5a1c793 elementor-reverse-mobile elementor-section-full_width elementor-section-height-default elementor-section-height-default\" data-id=\"5a1c793\" data-element_type=\"section\" data-e-type=\"section\">\n\t\t\t\t\t\t<div class=\"elementor-container elementor-column-gap-no\">\n\t\t\t\t\t<div class=\"elementor-column elementor-col-50 elementor-top-column elementor-element elementor-element-384241a\" data-id=\"384241a\" data-element_type=\"column\" data-e-type=\"column\">\n\t\t\t<div class=\"elementor-widget-wrap elementor-element-populated\">\n\t\t\t\t\t\t<div class=\"elementor-element elementor-element-098096d elementor-widget elementor-widget-heading\" data-id=\"098096d\" data-element_type=\"widget\" data-e-type=\"widget\" data-widget_type=\"heading.default\">\n\t\t\t\t<div class=\"elementor-widget-container\">\n\t\t\t\t\t<h2 class=\"elementor-heading-title elementor-size-default\">Sind Sie bereit, Ihr Potenzial auszubauen?<\/h2>\t\t\t\t<\/div>\n\t\t\t\t<\/div>\n\t\t\t\t<div class=\"elementor-element elementor-element-9661f74 elementor-widget elementor-widget-text-editor\" data-id=\"9661f74\" data-element_type=\"widget\" data-e-type=\"widget\" data-widget_type=\"text-editor.default\">\n\t\t\t\t<div class=\"elementor-widget-container\">\n\t\t\t\t\t\t\t\t\t<p>Wir sind f\u00fcr Sie da. Wenden Sie sich an uns, wenn Sie ein Angebot oder weitere Informationen zu unseren Dienstleistungen, Technologien und Ger\u00e4ten w\u00fcnschen. Wir arbeiten gerne daran, Ihr Wachstum zu unterst\u00fctzen.  <\/p>\n\t\t\t\t\t\t\t\t<\/div>\n\t\t\t\t<\/div>\n\t\t\t\t<div class=\"elementor-element elementor-element-aea0e46 elementor-widget elementor-widget-button\" data-id=\"aea0e46\" data-element_type=\"widget\" data-e-type=\"widget\" data-widget_type=\"button.default\">\n\t\t\t\t<div class=\"elementor-widget-container\">\n\t\t\t\t\t\t\t\t\t<div class=\"elementor-button-wrapper\">\n\t\t\t\t\t<a class=\"elementor-button elementor-button-link elementor-size-lg elementor-animation-grow\" href=\"https:\/\/www.growtec.com\/de\/kontakt\/\">\n\t\t\t\t\t\t<span class=\"elementor-button-content-wrapper\">\n\t\t\t\t\t\t\t\t\t<span class=\"elementor-button-text\">Angebot anfordern<\/span>\n\t\t\t\t\t<\/span>\n\t\t\t\t\t<\/a>\n\t\t\t\t<\/div>\n\t\t\t\t\t\t\t\t<\/div>\n\t\t\t\t<\/div>\n\t\t\t\t\t<\/div>\n\t\t<\/div>\n\t\t\t\t<div class=\"elementor-column elementor-col-50 elementor-top-column elementor-element elementor-element-6f5778a\" data-id=\"6f5778a\" data-element_type=\"column\" data-e-type=\"column\">\n\t\t\t<div class=\"elementor-widget-wrap elementor-element-populated\">\n\t\t\t\t\t\t<div class=\"elementor-element elementor-element-1e09a5b elementor-widget elementor-widget-image\" data-id=\"1e09a5b\" data-element_type=\"widget\" data-e-type=\"widget\" data-widget_type=\"image.default\">\n\t\t\t\t<div class=\"elementor-widget-container\">\n\t\t\t\t\t\t\t\t\t\t\t\t\t\t\t<img loading=\"lazy\" decoding=\"async\" width=\"703\" height=\"428\" src=\"https:\/\/www.growtec.com\/wp-content\/uploads\/2022\/08\/have-a-question.jpg\" class=\"attachment-large size-large wp-image-3565\" alt=\"\" \/>\t\t\t\t\t\t\t\t\t\t\t\t\t\t\t<\/div>\n\t\t\t\t<\/div>\n\t\t\t\t\t<\/div>\n\t\t<\/div>\n\t\t\t\t\t<\/div>\n\t\t<\/section>\n\t\t\t\t<\/div>\n\t\t","protected":false},"excerpt":{"rendered":"<p>Gem\u00c3\u00bcseanbau wie nie zuvor Die Qualit\u00c3\u00a4t der Ernte bestimmt in hohem Ma\u00c3\u0178e Ihren Vermarktungspreis, weshalb es so wichtig ist, eine m\u00c3\u00b6glichst hohe Qualit\u00c3\u00a4t zu erzielen und zu erhalten.\u00c2\u00a0 Jedes Detail, jedes Material und jede Komponente wurde sorgf\u00c3\u00a4ltig entwickelt und ausgew\u00c3\u00a4hlt, um die Effizienz der Ernte und die Anbaubedingungen zu optimieren. Dazu geh\u00c3\u00b6ren Endabl\u00c3\u00a4ufe aus Edelstahl, [&hellip;]<\/p>\n","protected":false},"author":3,"featured_media":3455,"parent":3441,"menu_order":0,"comment_status":"closed","ping_status":"closed","template":"","meta":{"_acf_changed":false,"footnotes":""},"class_list":["post-3454","page","type-page","status-publish","hentry"],"acf":[],"_links":{"self":[{"href":"https:\/\/www.growtec.com\/de\/wp-json\/wp\/v2\/pages\/3454","targetHints":{"allow":["GET"]}}],"collection":[{"href":"https:\/\/www.growtec.com\/de\/wp-json\/wp\/v2\/pages"}],"about":[{"href":"https:\/\/www.growtec.com\/de\/wp-json\/wp\/v2\/types\/page"}],"author":[{"embeddable":true,"href":"https:\/\/www.growtec.com\/de\/wp-json\/wp\/v2\/users\/3"}],"replies":[{"embeddable":true,"href":"https:\/\/www.growtec.com\/de\/wp-json\/wp\/v2\/comments?post=3454"}],"version-history":[{"count":0,"href":"https:\/\/www.growtec.com\/de\/wp-json\/wp\/v2\/pages\/3454\/revisions"}],"up":[{"embeddable":true,"href":"https:\/\/www.growtec.com\/de\/wp-json\/wp\/v2\/pages\/3441"}],"wp:featuredmedia":[{"embeddable":true,"href":"https:\/\/www.growtec.com\/de\/wp-json\/wp\/v2\/media\/3455"}],"wp:attachment":[{"href":"https:\/\/www.growtec.com\/de\/wp-json\/wp\/v2\/media?parent=3454"}],"curies":[{"name":"wp","href":"https:\/\/api.w.org\/{rel}","templated":true}]}}